{"id":181,"date":"2026-03-15T18:59:52","date_gmt":"2026-03-15T21:59:52","guid":{"rendered":"https:\/\/mutualizo.com\/?page_id=181"},"modified":"2026-03-18T10:19:26","modified_gmt":"2026-03-18T13:19:26","slug":"mz-certificadora","status":"publish","type":"page","link":"https:\/\/mutualizo.com\/index.php\/mz-certificadora\/","title":{"rendered":"MZ Certificadora"},"content":{"rendered":"\n<div class=\"wp-block-uagb-container uagb-block-f9acdccf alignfull uagb-is-root-container\"><div class=\"uagb-container-inner-blocks-wrap\">\n<div class=\"wp-block-uagb-advanced-heading uagb-block-5236e9cf\"><h1 class=\"uagb-heading-text\">MZ Certificadora: <strong><strong>Infraestrutura tecnol\u00f3gica projetada para o Programa MOVER<\/strong><\/strong><\/h1><\/div>\n\n\n\n<p class=\"has-text-align-center has-medium-font-size\"><mark style=\"background-color:rgba(0, 0, 0, 0)\" class=\"has-inline-color has-ast-global-color-7-color\">Desenvolvemos o rigor necess\u00e1rio para o registro de evid\u00eancias e futura valida\u00e7\u00e3o de cr\u00e9ditos fiscais automotivos<\/mark><\/p>\n\n\n\n<div class=\"wp-block-buttons is-content-justification-center is-layout-flex wp-container-core-buttons-is-layout-a89b3969 wp-block-buttons-is-layout-flex\">\n<div class=\"wp-block-button\"><a class=\"wp-block-button__link has-text-align-center wp-element-button\" href=\"#form\">Agendar consulta t\u00e9cnica<\/a><\/div>\n<\/div>\n<\/div><\/div>\n\n\n\n<div class=\"wp-block-uagb-container uagb-block-6ea65e65 alignfull uagb-is-root-container\"><div class=\"uagb-container-inner-blocks-wrap\">\n<div class=\"wp-block-uagb-container uagb-block-21cff6df\">\n<div class=\"wp-block-uagb-advanced-heading uagb-block-6efb5fc8\"><h2 class=\"uagb-heading-text\"><strong>Economia circular automotiva<\/strong><\/h2><\/div>\n\n\n\n<p><strong>MZ Certificadora<\/strong> \u00e9 a interface t\u00e9cnica de registro entre montadoras, desmontadoras e recicladoras que visa se conectar ao \u00f3rg\u00e3o regulador<\/p>\n\n\n\n<div class=\"wp-block-group is-nowrap is-layout-flex wp-container-core-group-is-layout-6c531013 wp-block-group-is-layout-flex\">\n<figure class=\"wp-block-image size-full\"><img loading=\"lazy\" decoding=\"async\" width=\"52\" height=\"52\" src=\"https:\/\/mutualizo.com\/wp-content\/uploads\/2026\/03\/icon_check.png\" alt=\"\" class=\"wp-image-139\" style=\"box-shadow:none\"\/><\/figure>\n\n\n\n<p><strong>Registros de ativos<\/strong><br>Gest\u00e3o t\u00e9cnica do ciclo de vida do ve\u00edculo, desde a baixa inicial at\u00e9 a destina\u00e7\u00e3o final<\/p>\n<\/div>\n\n\n\n<div class=\"wp-block-group is-nowrap is-layout-flex wp-container-core-group-is-layout-6c531013 wp-block-group-is-layout-flex\">\n<figure class=\"wp-block-image size-full\"><img loading=\"lazy\" decoding=\"async\" width=\"52\" height=\"52\" src=\"https:\/\/mutualizo.com\/wp-content\/uploads\/2026\/03\/icon_check.png\" alt=\"\" class=\"wp-image-139\" style=\"box-shadow:none\"\/><\/figure>\n\n\n\n<p><strong>Conformidade com a Lei 14.902\/2024<\/strong><br>Garantia t\u00e9cnica de evid\u00eancias para cumprimento dos requisitos do Programa MOVER<\/p>\n<\/div>\n\n\n\n<div class=\"wp-block-group is-nowrap is-layout-flex wp-container-core-group-is-layout-6c531013 wp-block-group-is-layout-flex\">\n<figure class=\"wp-block-image size-full\"><img loading=\"lazy\" decoding=\"async\" width=\"52\" height=\"52\" src=\"https:\/\/mutualizo.com\/wp-content\/uploads\/2026\/03\/icon_check.png\" alt=\"\" class=\"wp-image-139\" style=\"box-shadow:none\"\/><\/figure>\n\n\n\n<p><strong>Cust\u00f3dia de evid\u00eancias<\/strong><br>Registro fotogr\u00e1fico e operacional \u00e0 prova de viola\u00e7\u00e3o para fins de fiscaliza\u00e7\u00e3o oficial<\/p>\n<\/div>\n<\/div>\n\n\n\n<div class=\"wp-block-uagb-container uagb-block-da56df9a\">\n<figure class=\"wp-block-image size-full\"><img loading=\"lazy\" decoding=\"async\" width=\"2560\" height=\"1215\" src=\"https:\/\/mutualizo.com\/wp-content\/uploads\/2026\/03\/Design-sem-nome-7-scaled.png\" alt=\"\" class=\"wp-image-561\" style=\"aspect-ratio:4\/3;object-fit:cover\" srcset=\"https:\/\/mutualizo.com\/wp-content\/uploads\/2026\/03\/Design-sem-nome-7-scaled.png 2560w, https:\/\/mutualizo.com\/wp-content\/uploads\/2026\/03\/Design-sem-nome-7-300x142.png 300w, https:\/\/mutualizo.com\/wp-content\/uploads\/2026\/03\/Design-sem-nome-7-1024x486.png 1024w, https:\/\/mutualizo.com\/wp-content\/uploads\/2026\/03\/Design-sem-nome-7-768x365.png 768w, https:\/\/mutualizo.com\/wp-content\/uploads\/2026\/03\/Design-sem-nome-7-1536x729.png 1536w, https:\/\/mutualizo.com\/wp-content\/uploads\/2026\/03\/Design-sem-nome-7-2048x972.png 2048w\" sizes=\"auto, (max-width: 2560px) 100vw, 2560px\" \/><\/figure>\n<\/div>\n<\/div><\/div>\n\n\n\n<div class=\"wp-block-uagb-container uagb-block-35f46a43 alignfull uagb-is-root-container\"><div class=\"uagb-container-inner-blocks-wrap\">\n<h2 class=\"wp-block-heading has-text-align-center has-ast-global-color-2-color has-text-color has-link-color wp-elements-ae4cbd50de8796c36cd53c5d11cb978f\" style=\"padding-top:0;padding-right:0;padding-bottom:0;padding-left:0\"><strong>A cadeia de cust\u00f3dia do registro automotivo<\/strong><\/h2>\n\n\n\n<p class=\"has-text-align-center\" style=\"padding-top:0;padding-right:0;padding-bottom:0;padding-left:0\">Providenciamos o rito t\u00e9cnico para converter processos operacionais em evid\u00eancias audit\u00e1veis perante o \u00f3rg\u00e3o regulador<\/p>\n\n\n\n<figure class=\"wp-block-image size-full is-resized\"><img loading=\"lazy\" decoding=\"async\" width=\"1240\" height=\"543\" src=\"https:\/\/mutualizo.com\/wp-content\/uploads\/2026\/03\/Home_mzseguro03.png\" alt=\"\" class=\"wp-image-377\" style=\"width:1190px;height:auto\" srcset=\"https:\/\/mutualizo.com\/wp-content\/uploads\/2026\/03\/Home_mzseguro03.png 1240w, https:\/\/mutualizo.com\/wp-content\/uploads\/2026\/03\/Home_mzseguro03-300x131.png 300w, https:\/\/mutualizo.com\/wp-content\/uploads\/2026\/03\/Home_mzseguro03-1024x448.png 1024w, https:\/\/mutualizo.com\/wp-content\/uploads\/2026\/03\/Home_mzseguro03-768x336.png 768w\" sizes=\"auto, (max-width: 1240px) 100vw, 1240px\" \/><\/figure>\n<\/div><\/div>\n\n\n\n<div class=\"wp-block-uagb-container uagb-block-09a5d8b7 alignfull uagb-is-root-container\"><div class=\"uagb-container-inner-blocks-wrap\">\n<div class=\"wp-block-uagb-advanced-heading uagb-block-911986a1\"><h2 class=\"uagb-heading-text\"><strong>M\u00f3dulos de Verifica\u00e7\u00e3o T\u00e9cnica<\/strong><\/h2><\/div>\n\n\n\n<p class=\"has-text-align-center\">Estrutura modular para organizar a mem\u00f3ria de c\u00e1lculo e a seguran\u00e7a dos registros audit\u00e1veis<\/p>\n\n\n\n<div class=\"wp-block-uagb-slider uagb-block-95cafd84 uagb-slider-container\"><div class=\"uagb-slides uagb-swiper\"><div class=\"swiper-wrapper\">\n<div class=\"wp-block-uagb-slider-child uagb-slider-child-wrap swiper-slide uagb-block-2d2fc078\"><div class=\"swiper-content\">\n<div class=\"wp-block-columns is-layout-flex wp-container-core-columns-is-layout-28f84493 wp-block-columns-is-layout-flex\">\n<div class=\"wp-block-column is-vertically-aligned-center is-layout-flow wp-block-column-is-layout-flow\">\n<figure class=\"wp-block-image size-full has-custom-border\"><img loading=\"lazy\" decoding=\"async\" width=\"1000\" height=\"667\" src=\"https:\/\/mutualizo.com\/wp-content\/uploads\/2026\/03\/2150010135.jpg\" alt=\"\" class=\"wp-image-455\" style=\"border-top-left-radius:1rem;border-top-right-radius:1rem;border-bottom-left-radius:1rem;border-bottom-right-radius:1rem\" srcset=\"https:\/\/mutualizo.com\/wp-content\/uploads\/2026\/03\/2150010135.jpg 1000w, https:\/\/mutualizo.com\/wp-content\/uploads\/2026\/03\/2150010135-300x200.jpg 300w, https:\/\/mutualizo.com\/wp-content\/uploads\/2026\/03\/2150010135-768x512.jpg 768w\" sizes=\"auto, (max-width: 1000px) 100vw, 1000px\" \/><\/figure>\n<\/div>\n\n\n\n<div class=\"wp-block-column is-vertically-aligned-center is-layout-flow wp-block-column-is-layout-flow\">\n<div class=\"wp-block-uagb-advanced-heading uagb-block-79afa1c7\"><h3 class=\"uagb-heading-text\"><strong><strong>Central<\/strong><\/strong><\/h3><\/div>\n\n\n\n<p class=\"has-text-align-left\">Unidade de controle para governan\u00e7a de dados e orquestra\u00e7\u00e3o operacional<\/p>\n\n\n\n<ul class=\"wp-block-list\">\n<li><strong>Controle de acessos.<\/strong> Gest\u00e3o rigorosa de permiss\u00f5es e n\u00edveis de autoridade operativa<\/li>\n\n\n\n<li><strong>Hist\u00f3rico de auditoria.<\/strong> Registro permanente de cada intera\u00e7\u00e3o realizada dentro do sistema<\/li>\n\n\n\n<li><strong>Integra\u00e7\u00e3o por APIs.<\/strong> Conex\u00e3o t\u00e9cnica para fluxo de dados entre sistemas e \u00f3rg\u00e3os reguladores<\/li>\n<\/ul>\n<\/div>\n<\/div>\n<\/div><\/div>\n\n\n\n<div class=\"wp-block-uagb-slider-child uagb-slider-child-wrap swiper-slide uagb-block-55435eda\"><div class=\"swiper-content\">\n<div class=\"wp-block-columns is-layout-flex wp-container-core-columns-is-layout-28f84493 wp-block-columns-is-layout-flex\">\n<div class=\"wp-block-column is-vertically-aligned-center is-layout-flow wp-block-column-is-layout-flow\">\n<figure class=\"wp-block-image size-large has-custom-border\"><img loading=\"lazy\" decoding=\"async\" width=\"1024\" height=\"683\" src=\"https:\/\/mutualizo.com\/wp-content\/uploads\/2026\/03\/pexels-gustavo-fring-6870298-1024x683.webp\" alt=\"\" class=\"wp-image-357\" style=\"border-top-left-radius:1rem;border-top-right-radius:1rem;border-bottom-left-radius:1rem;border-bottom-right-radius:1rem\" srcset=\"https:\/\/mutualizo.com\/wp-content\/uploads\/2026\/03\/pexels-gustavo-fring-6870298-1024x683.webp 1024w, https:\/\/mutualizo.com\/wp-content\/uploads\/2026\/03\/pexels-gustavo-fring-6870298-300x200.webp 300w, https:\/\/mutualizo.com\/wp-content\/uploads\/2026\/03\/pexels-gustavo-fring-6870298-768x512.webp 768w, https:\/\/mutualizo.com\/wp-content\/uploads\/2026\/03\/pexels-gustavo-fring-6870298.webp 1500w\" sizes=\"auto, (max-width: 1024px) 100vw, 1024px\" \/><\/figure>\n<\/div>\n\n\n\n<div class=\"wp-block-column is-vertically-aligned-center is-layout-flow wp-block-column-is-layout-flow\">\n<div class=\"wp-block-uagb-advanced-heading uagb-block-b78c9c99\"><h3 class=\"uagb-heading-text\"><strong>Desmontagem<\/strong><\/h3><\/div>\n\n\n\n<p>Monitoramento t\u00e9cnico do desmonte e rastreabilidade de origem dos componentes<\/p>\n\n\n\n<ul class=\"wp-block-list\">\n<li><strong>Registro de entrada.<\/strong> Documenta\u00e7\u00e3o t\u00e9cnica do chassi e dossi\u00ea inicial de baixa<\/li>\n\n\n\n<li><strong>Evid\u00eancias fotogr\u00e1ficas.<\/strong> Cust\u00f3dia de provas visuais para cada etapa do processo<\/li>\n\n\n\n<li><strong>Rastreio de pe\u00e7as.<\/strong> Identifica\u00e7\u00e3o individualizada de itens para revenda ou destina\u00e7\u00e3o final<\/li>\n<\/ul>\n<\/div>\n<\/div>\n<\/div><\/div>\n\n\n\n<div class=\"wp-block-uagb-slider-child uagb-slider-child-wrap swiper-slide uagb-block-e5c70ddb\"><div class=\"swiper-content\">\n<div class=\"wp-block-columns is-layout-flex wp-container-core-columns-is-layout-28f84493 wp-block-columns-is-layout-flex\">\n<div class=\"wp-block-column is-vertically-aligned-center is-layout-flow wp-block-column-is-layout-flow\">\n<figure class=\"wp-block-image size-full has-custom-border\"><img loading=\"lazy\" decoding=\"async\" width=\"640\" height=\"427\" src=\"https:\/\/mutualizo.com\/wp-content\/uploads\/2026\/03\/geojango-maps-Z8UgB80_46w-unsplash.jpg\" alt=\"\" class=\"wp-image-456\" style=\"border-top-left-radius:1rem;border-top-right-radius:1rem;border-bottom-left-radius:1rem;border-bottom-right-radius:1rem\" srcset=\"https:\/\/mutualizo.com\/wp-content\/uploads\/2026\/03\/geojango-maps-Z8UgB80_46w-unsplash.jpg 640w, https:\/\/mutualizo.com\/wp-content\/uploads\/2026\/03\/geojango-maps-Z8UgB80_46w-unsplash-300x200.jpg 300w\" sizes=\"auto, (max-width: 640px) 100vw, 640px\" \/><\/figure>\n<\/div>\n\n\n\n<div class=\"wp-block-column is-vertically-aligned-center is-layout-flow wp-block-column-is-layout-flow\">\n<div class=\"wp-block-uagb-advanced-heading uagb-block-ecac2c29\"><h3 class=\"uagb-heading-text\"><strong><strong>Reciclagem<\/strong><\/strong><\/h3><\/div>\n\n\n\n<p>Monitore o fluxo e o destino dos materiais destinados \u00e0 reciclagem<\/p>\n\n\n\n<ul class=\"wp-block-list\">\n<li><strong>Rastreabilidade ambiental.<\/strong> Registro t\u00e9cnico de itens inserv\u00edveis e de seguran\u00e7a<\/li>\n\n\n\n<li><strong>Documenta\u00e7\u00e3o t\u00e9cnica.<\/strong> Gest\u00e3o de DMRs, CDFs e MTRs para conformidade<\/li>\n\n\n\n<li><strong>Indicadores de reciclagem.<\/strong> Monitoramento de percentuais para suporte a auditorias<\/li>\n<\/ul>\n<\/div>\n<\/div>\n<\/div><\/div>\n\n\n\n<div class=\"wp-block-uagb-slider-child uagb-slider-child-wrap swiper-slide uagb-block-ad3971fd\"><div class=\"swiper-content\">\n<div class=\"wp-block-columns is-layout-flex wp-container-core-columns-is-layout-28f84493 wp-block-columns-is-layout-flex\">\n<div class=\"wp-block-column is-layout-flow wp-block-column-is-layout-flow\">\n<figure class=\"wp-block-image size-full has-custom-border\"><img loading=\"lazy\" decoding=\"async\" width=\"640\" height=\"427\" src=\"https:\/\/mutualizo.com\/wp-content\/uploads\/2026\/03\/dcg_mak-checklist-2945401_640.jpg\" alt=\"\" class=\"wp-image-457\" style=\"border-top-left-radius:1rem;border-top-right-radius:1rem;border-bottom-left-radius:1rem;border-bottom-right-radius:1rem\" srcset=\"https:\/\/mutualizo.com\/wp-content\/uploads\/2026\/03\/dcg_mak-checklist-2945401_640.jpg 640w, https:\/\/mutualizo.com\/wp-content\/uploads\/2026\/03\/dcg_mak-checklist-2945401_640-300x200.jpg 300w\" sizes=\"auto, (max-width: 640px) 100vw, 640px\" \/><\/figure>\n<\/div>\n\n\n\n<div class=\"wp-block-column is-layout-flow wp-block-column-is-layout-flow\">\n<div class=\"wp-block-uagb-advanced-heading uagb-block-17cb63e6\"><h3 class=\"uagb-heading-text\"><strong><strong>Registro<\/strong><\/strong><\/h3><\/div>\n\n\n\n<p>Homologa\u00e7\u00e3o de evid\u00eancias e suporte \u00e0 valida\u00e7\u00e3o de cr\u00e9ditos setoriais<\/p>\n\n\n\n<ul class=\"wp-block-list\">\n<li><strong>Certifica\u00e7\u00e3o veicular.<\/strong> Emiss\u00e3o de laudo t\u00e9cnico que comprova a destrui\u00e7\u00e3o efetiva<\/li>\n\n\n\n<li><strong>Dossi\u00ea de conformidade.<\/strong> Compilado de evid\u00eancias operacionais para suporte \u00e0 fiscaliza\u00e7\u00e3o oficial<\/li>\n\n\n\n<li><strong>Valida\u00e7\u00e3o de ativos.<\/strong> Registro da gera\u00e7\u00e3o de benef\u00edcios conforme as normas vigentes<\/li>\n<\/ul>\n<\/div>\n<\/div>\n<\/div><\/div>\n<\/div><\/div><div class=\"swiper-pagination\"><\/div><div class=\"swiper-button-prev\"><\/div><div class=\"swiper-button-next\"><\/div><\/div>\n\n\n\n<div class=\"wp-block-buttons is-content-justification-center is-layout-flex wp-container-core-buttons-is-layout-a89b3969 wp-block-buttons-is-layout-flex\">\n<div class=\"wp-block-button\" id=\"form\"><a class=\"wp-block-button__link has-text-align-center wp-element-button\" href=\"#form\">Agendar consulta t\u00e9cnica<\/a><\/div>\n<\/div>\n<\/div><\/div>\n\n\n\n<div id=\"form\" class=\"wp-block-uagb-container uagb-block-c1873f9f alignfull uagb-is-root-container\"><div class=\"uagb-container-inner-blocks-wrap\">\n<div class=\"wp-block-columns is-layout-flex wp-container-core-columns-is-layout-28f84493 wp-block-columns-is-layout-flex\">\n<div class=\"wp-block-column is-layout-flow wp-block-column-is-layout-flow\">\n<div class=\"wp-block-uagb-advanced-heading uagb-block-0af5044e\"><h2 class=\"uagb-heading-text\"><strong><strong>Seguran\u00e7a t\u00e9cnica para o novo ciclo da economia circular<\/strong><\/strong><\/h2><\/div>\n\n\n\n<p class=\"has-text-align-left\">Estruture sua opera\u00e7\u00e3o para o rito de cust\u00f3dia e valida\u00e7\u00e3o de ativos regulat\u00f3rios<\/p>\n<\/div>\n\n\n\n<div class=\"wp-block-column is-layout-flow wp-block-column-is-layout-flow\">\n<div class=\"wp-block-contact-form-7-contact-form-selector\">\n<div class=\"wpcf7 no-js\" id=\"wpcf7-f100-o1\" lang=\"pt-BR\" dir=\"ltr\" data-wpcf7-id=\"100\">\n<div class=\"screen-reader-response\"><p role=\"status\" aria-live=\"polite\" aria-atomic=\"true\"><\/p> <ul><\/ul><\/div>\n<form action=\"\/index.php\/wp-json\/wp\/v2\/pages\/181#wpcf7-f100-o1\" method=\"post\" class=\"wpcf7-form init\" aria-label=\"Formul\u00e1rios de contato\" novalidate=\"novalidate\" data-status=\"init\">\n<fieldset class=\"hidden-fields-container\"><input type=\"hidden\" name=\"_wpcf7\" value=\"100\" \/><input type=\"hidden\" name=\"_wpcf7_version\" value=\"6.1.5\" \/><input type=\"hidden\" name=\"_wpcf7_locale\" value=\"pt_BR\" \/><input type=\"hidden\" name=\"_wpcf7_unit_tag\" value=\"wpcf7-f100-o1\" \/><input type=\"hidden\" name=\"_wpcf7_container_post\" value=\"0\" \/><input type=\"hidden\" name=\"_wpcf7_posted_data_hash\" value=\"\" \/>\n<\/fieldset>\n<p><label> Nome completo<br \/>\n<span class=\"wpcf7-form-control-wrap\" data-name=\"your-name\"><input size=\"40\" maxlength=\"400\" class=\"wpcf7-form-control wpcf7-text wpcf7-validates-as-required\" autocomplete=\"name\" aria-required=\"true\" aria-invalid=\"false\" value=\"\" type=\"text\" name=\"your-name\" \/><\/span> <\/label>\n<\/p>\n<p><label> Empresa<br \/>\n<span class=\"wpcf7-form-control-wrap\" data-name=\"text-empresa\"><input size=\"40\" maxlength=\"400\" minlength=\"4\" class=\"wpcf7-form-control wpcf7-text wpcf7-validates-as-required\" aria-required=\"true\" aria-invalid=\"false\" value=\"\" type=\"text\" name=\"text-empresa\" \/><\/span> <\/label>\n<\/p>\n<p><label> Seu e-mail<br \/>\n<span class=\"wpcf7-form-control-wrap\" data-name=\"your-email\"><input size=\"40\" maxlength=\"400\" class=\"wpcf7-form-control wpcf7-email wpcf7-validates-as-required wpcf7-text wpcf7-validates-as-email\" autocomplete=\"email\" aria-required=\"true\" aria-invalid=\"false\" value=\"\" type=\"email\" name=\"your-email\" \/><\/span> <\/label>\n<\/p>\n<p><label> WhatsApp<br \/>\n<span class=\"wpcf7-form-control-wrap\" data-name=\"tel-whatsapp\"><input size=\"40\" maxlength=\"400\" minlength=\"8\" class=\"wpcf7-form-control wpcf7-tel wpcf7-validates-as-required wpcf7-text wpcf7-validates-as-tel\" aria-required=\"true\" aria-invalid=\"false\" value=\"\" type=\"tel\" name=\"tel-whatsapp\" \/><\/span> <\/label>\n<\/p>\n<p><label> Produto de interesse<br \/>\n<span class=\"wpcf7-form-control-wrap\" data-name=\"select-produto-interesse\"><select class=\"wpcf7-form-control wpcf7-select wpcf7-validates-as-required\" aria-required=\"true\" aria-invalid=\"false\" name=\"select-produto-interesse\"><option value=\"\">&#8212;Escolha uma op\u00e7\u00e3o&#8212;<\/option><option value=\"MZ Seguros\">MZ Seguros<\/option><option value=\"MZ Certificadora\">MZ Certificadora<\/option><\/select><\/span> <\/label>\n<\/p>\n<p><label> Setor de atua\u00e7\u00e3o<br \/>\n<span class=\"wpcf7-form-control-wrap\" data-name=\"select-setor-atuacao\"><select class=\"wpcf7-form-control wpcf7-select wpcf7-validates-as-required\" aria-required=\"true\" aria-invalid=\"false\" name=\"select-setor-atuacao\"><option value=\"\">&#8212;Escolha uma op\u00e7\u00e3o&#8212;<\/option><option value=\"Seguradora\">Seguradora<\/option><option value=\"Cooperativa\">Cooperativa<\/option><option value=\"Desmontadora\">Desmontadora<\/option><option value=\"Montadora\">Montadora<\/option><option value=\"PPM\">PPM<\/option><option value=\"Recicladora\">Recicladora<\/option><option value=\"Outros\">Outros<\/option><\/select><\/span> <\/label>\n<\/p>\n<p>Ao preencher o formul\u00e1rio, concordo em receber comunica\u00e7\u00f5es da Mutualizo.\n<\/p>\n<p><input class=\"wpcf7-form-control wpcf7-submit has-spinner\" type=\"submit\" value=\"Enviar\" \/>\n<\/p><div class=\"wpcf7-response-output\" aria-hidden=\"true\"><\/div>\n<\/form>\n<\/div>\n<\/div>\n<\/div>\n<\/div>\n<\/div><\/div>\n","protected":false},"excerpt":{"rendered":"<p>MZ Certificadora: Infraestrutura tecnol\u00f3gica projetada para o Programa MOVER Desenvolvemos o rigor necess\u00e1rio para o registro de evid\u00eancias e futura [&hellip;]<\/p>\n","protected":false},"author":1,"featured_media":0,"parent":0,"menu_order":0,"comment_status":"closed","ping_status":"closed","template":"","meta":{"_coblocks_attr":"","_coblocks_dimensions":"","_coblocks_responsive_height":"","_coblocks_accordion_ie_support":"","_uag_custom_page_level_css":"","site-sidebar-layout":"default","site-content-layout":"","ast-site-content-layout":"default","site-content-style":"default","site-sidebar-style":"default","ast-global-header-display":"","ast-banner-title-visibility":"","ast-main-header-display":"","ast-hfb-above-header-display":"","ast-hfb-below-header-display":"","ast-hfb-mobile-header-display":"","site-post-title":"disabled","ast-breadcrumbs-content":"","ast-featured-img":"","footer-sml-layout":"","ast-disable-related-posts":"","theme-transparent-header-meta":"","adv-header-id-meta":"","stick-header-meta":"","header-above-stick-meta":"","header-main-stick-meta":"","header-below-stick-meta":"","astra-migrate-meta-layouts":"default","ast-page-background-enabled":"default","ast-page-background-meta":{"desktop":{"background-color":"var(--ast-global-color-5)","background-image":"","background-repeat":"repeat","background-position":"center center","background-size":"auto","background-attachment":"scroll","background-type":"","background-media":"","overlay-type":"","overlay-color":"","overlay-opacity":"","overlay-gradient":""},"tablet":{"background-color":"","background-image":"","background-repeat":"repeat","background-position":"center center","background-size":"auto","background-attachment":"scroll","background-type":"","background-media":"","overlay-type":"","overlay-color":"","overlay-opacity":"","overlay-gradient":""},"mobile":{"background-color":"","background-image":"","background-repeat":"repeat","background-position":"center center","background-size":"auto","background-attachment":"scroll","background-type":"","background-media":"","overlay-type":"","overlay-color":"","overlay-opacity":"","overlay-gradient":""}},"ast-content-background-meta":{"desktop":{"background-color":"var(--ast-global-color-4)","background-image":"","background-repeat":"repeat","background-position":"center center","background-size":"auto","background-attachment":"scroll","background-type":"","background-media":"","overlay-type":"","overlay-color":"","overlay-opacity":"","overlay-gradient":""},"tablet":{"background-color":"var(--ast-global-color-4)","background-image":"","background-repeat":"repeat","background-position":"center center","background-size":"auto","background-attachment":"scroll","background-type":"","background-media":"","overlay-type":"","overlay-color":"","overlay-opacity":"","overlay-gradient":""},"mobile":{"background-color":"var(--ast-global-color-4)","background-image":"","background-repeat":"repeat","background-position":"center center","background-size":"auto","background-attachment":"scroll","background-type":"","background-media":"","overlay-type":"","overlay-color":"","overlay-opacity":"","overlay-gradient":""}},"footnotes":""},"class_list":["post-181","page","type-page","status-publish","hentry"],"uagb_featured_image_src":{"full":false,"thumbnail":false,"medium":false,"medium_large":false,"large":false,"1536x1536":false,"2048x2048":false},"uagb_author_info":{"display_name":"demonstration","author_link":"https:\/\/mutualizo.com\/author\/demonstration\/"},"uagb_comment_info":0,"uagb_excerpt":"MZ Certificadora: Infraestrutura tecnol\u00f3gica projetada para o Programa MOVER Desenvolvemos o rigor necess\u00e1rio para o registro de evid\u00eancias e futura [&hellip;]","_links":{"self":[{"href":"https:\/\/mutualizo.com\/index.php\/wp-json\/wp\/v2\/pages\/181","targetHints":{"allow":["GET"]}}],"collection":[{"href":"https:\/\/mutualizo.com\/index.php\/wp-json\/wp\/v2\/pages"}],"about":[{"href":"https:\/\/mutualizo.com\/index.php\/wp-json\/wp\/v2\/types\/page"}],"author":[{"embeddable":true,"href":"https:\/\/mutualizo.com\/index.php\/wp-json\/wp\/v2\/users\/1"}],"replies":[{"embeddable":true,"href":"https:\/\/mutualizo.com\/index.php\/wp-json\/wp\/v2\/comments?post=181"}],"version-history":[{"count":25,"href":"https:\/\/mutualizo.com\/index.php\/wp-json\/wp\/v2\/pages\/181\/revisions"}],"predecessor-version":[{"id":580,"href":"https:\/\/mutualizo.com\/index.php\/wp-json\/wp\/v2\/pages\/181\/revisions\/580"}],"wp:attachment":[{"href":"https:\/\/mutualizo.com\/index.php\/wp-json\/wp\/v2\/media?parent=181"}],"curies":[{"name":"wp","href":"https:\/\/api.w.org\/{rel}","templated":true}]}}