{"id":162,"date":"2026-03-15T17:31:09","date_gmt":"2026-03-15T20:31:09","guid":{"rendered":"https:\/\/mutualizo.com\/?page_id=162"},"modified":"2026-04-23T10:43:17","modified_gmt":"2026-04-23T13:43:17","slug":"programa-mover","status":"publish","type":"page","link":"https:\/\/mutualizo.com\/index.php\/programa-mover\/","title":{"rendered":"Programa MOVER"},"content":{"rendered":"\n<div class=\"wp-block-uagb-container uagb-block-06b71b58 alignfull uagb-is-root-container\"><div class=\"uagb-container-inner-blocks-wrap\">\n<h1 class=\"wp-block-heading has-text-align-center has-ast-global-color-2-color has-text-color has-link-color wp-elements-91cf4faf3aedef07ac0ab2c5a37f347e\"><strong>O padr\u00e3o de cust\u00f3dia para a<\/strong> economia circular automotiva<\/h1>\n\n\n\n<p class=\"has-text-align-center has-ast-global-color-7-color has-text-color has-link-color has-medium-font-size wp-elements-9524561c1ba62d9adc513b57c835dcde\">Garanta a captura dos <strong>incentivos do Programa Mover<\/strong> atrav\u00e9s de uma estrutura de cust\u00f3dia digital desenhada para atender ao rigor da Lei 14.902\/2024<\/p>\n\n\n\n<div class=\"wp-block-buttons is-content-justification-center is-layout-flex wp-container-core-buttons-is-layout-a89b3969 wp-block-buttons-is-layout-flex\">\n<div class=\"wp-block-button\" id=\"-solucoes-proj.-mover\"><a class=\"wp-block-button__link wp-element-button\" href=\"https:\/\/mutualizo.com\/index.php\/mz-certificadora\/\">Acessar protocolo de Conformidade<\/a><\/div>\n<\/div>\n<\/div><\/div>\n\n\n\n<div class=\"wp-block-uagb-container uagb-block-e058428b alignfull uagb-is-root-container\"><div class=\"uagb-container-inner-blocks-wrap\">\n<div class=\"wp-block-uagb-advanced-heading uagb-block-006d6deb\"><h2 class=\"uagb-heading-text\"><strong><strong><strong>Lacunas de conformidade e obst\u00e1culos ao cumprimento normativo<\/strong><\/strong><\/strong><\/h2><\/div>\n\n\n\n<p class=\"has-text-align-center\">Fragilidades na rastreabilidade impedem a consolida\u00e7\u00e3o de evid\u00eancias indispens\u00e1veis para o cumprimento integral das exig\u00eancias da Lei 14.902\/2024<\/p>\n\n\n\n<div class=\"wp-block-columns is-layout-flex wp-container-core-columns-is-layout-28f84493 wp-block-columns-is-layout-flex\">\n<div class=\"wp-block-column is-layout-flow wp-block-column-is-layout-flow\">\n<figure class=\"wp-block-image size-large has-custom-border\"><img loading=\"lazy\" decoding=\"async\" width=\"1024\" height=\"683\" src=\"https:\/\/mutualizo.com\/wp-content\/uploads\/2026\/03\/pexels-gustavo-fring-6870298-1024x683.webp\" alt=\"\" class=\"wp-image-357\" style=\"border-top-left-radius:1rem;border-top-right-radius:1rem;border-bottom-left-radius:1rem;border-bottom-right-radius:1rem\" srcset=\"https:\/\/mutualizo.com\/wp-content\/uploads\/2026\/03\/pexels-gustavo-fring-6870298-1024x683.webp 1024w, https:\/\/mutualizo.com\/wp-content\/uploads\/2026\/03\/pexels-gustavo-fring-6870298-300x200.webp 300w, https:\/\/mutualizo.com\/wp-content\/uploads\/2026\/03\/pexels-gustavo-fring-6870298-768x512.webp 768w, https:\/\/mutualizo.com\/wp-content\/uploads\/2026\/03\/pexels-gustavo-fring-6870298.webp 1500w\" sizes=\"auto, (max-width: 1024px) 100vw, 1024px\" \/><\/figure>\n\n\n\n<h3 class=\"wp-block-heading has-ast-global-color-2-color has-text-color has-link-color wp-elements-11657f7463e0116e26a61802857aea8d\"><strong><strong><strong>Rigor Regulat\u00f3rio<\/strong><\/strong><\/strong><\/h3>\n\n\n\n<p>A <strong>dificuldade de alinhamento<\/strong> t\u00e9cnico entre os processos operativos e as diretrizes da <strong>Lei 14.902\/2024<\/strong> compromete a conformidade. A aus\u00eancia de um <strong>rito de valida\u00e7\u00e3o<\/strong> padronizado gera lacunas interpretativas e falhas cr\u00edticas na documenta\u00e7\u00e3o t\u00e9cnica exigida pelo MDIC<\/p>\n<\/div>\n\n\n\n<div class=\"wp-block-column is-layout-flow wp-block-column-is-layout-flow\">\n<figure class=\"wp-block-image size-full has-custom-border\"><img loading=\"lazy\" decoding=\"async\" width=\"640\" height=\"427\" src=\"https:\/\/mutualizo.com\/wp-content\/uploads\/2026\/03\/programamover_03integracao.jpg\" alt=\"\" class=\"wp-image-358\" style=\"border-top-left-radius:1rem;border-top-right-radius:1rem;border-bottom-left-radius:1rem;border-bottom-right-radius:1rem\" srcset=\"https:\/\/mutualizo.com\/wp-content\/uploads\/2026\/03\/programamover_03integracao.jpg 640w, https:\/\/mutualizo.com\/wp-content\/uploads\/2026\/03\/programamover_03integracao-300x200.jpg 300w\" sizes=\"auto, (max-width: 640px) 100vw, 640px\" \/><\/figure>\n\n\n\n<h3 class=\"wp-block-heading has-ast-global-color-2-color has-text-color has-link-color wp-elements-9154a096b3c7587c9e4407bad0aff6bf\"><strong>Cust\u00f3dia Unificada<\/strong><\/h3>\n\n\n\n<p>A <strong>fragmenta\u00e7\u00e3o de registros<\/strong> \u00e9 cr\u00edtica, dado que <strong>97% dos ve\u00edculos<\/strong> fora de circula\u00e7\u00e3o carecem de rastreabilidade formal. Esta desconex\u00e3o entre p\u00e1tio e montadora interrompe o fluxo de dados, inviabilizando a <strong>cust\u00f3dia unificada<\/strong> indispens\u00e1vel para a plena conformidade regulat\u00f3ria<\/p>\n<\/div>\n\n\n\n<div class=\"wp-block-column is-layout-flow wp-block-column-is-layout-flow\">\n<figure class=\"wp-block-image size-full has-custom-border\"><img loading=\"lazy\" decoding=\"async\" width=\"640\" height=\"427\" src=\"https:\/\/mutualizo.com\/wp-content\/uploads\/2026\/03\/pexels-pixabay-357514.jpg\" alt=\"\" class=\"wp-image-359\" style=\"border-top-left-radius:1rem;border-top-right-radius:1rem;border-bottom-left-radius:1rem;border-bottom-right-radius:1rem\" srcset=\"https:\/\/mutualizo.com\/wp-content\/uploads\/2026\/03\/pexels-pixabay-357514.jpg 640w, https:\/\/mutualizo.com\/wp-content\/uploads\/2026\/03\/pexels-pixabay-357514-300x200.jpg 300w\" sizes=\"auto, (max-width: 640px) 100vw, 640px\" \/><\/figure>\n\n\n\n<h3 class=\"wp-block-heading has-ast-global-color-2-color has-text-color has-link-color wp-elements-ebee1bbd55b7eb9621fabad1c6726a45\"><strong><strong><strong>Integridade de Cr\u00e9ditos<\/strong><\/strong><\/strong><\/h3>\n\n\n\n<p>A <strong>vulnerabilidade de ativos<\/strong> e incentivos fiscais decorre da inexist\u00eancia de provas t\u00e9cnicas imut\u00e1veis. A inconsist\u00eancia de dados operacionais eleva drasticamente os <strong>riscos de glosa<\/strong>, comprometendo a seguran\u00e7a jur\u00eddica e a integridade dos cr\u00e9ditos tribut\u00e1rios da ind\u00fastria<\/p>\n<\/div>\n\n\n\n<div class=\"wp-block-column is-layout-flow wp-block-column-is-layout-flow\">\n<figure class=\"wp-block-image size-full has-custom-border\"><img loading=\"lazy\" decoding=\"async\" width=\"640\" height=\"427\" src=\"https:\/\/mutualizo.com\/wp-content\/uploads\/2026\/03\/pexels-akilmazumder-1072824.jpg\" alt=\"\" class=\"wp-image-360\" style=\"border-top-left-radius:1rem;border-top-right-radius:1rem;border-bottom-left-radius:1rem;border-bottom-right-radius:1rem\" srcset=\"https:\/\/mutualizo.com\/wp-content\/uploads\/2026\/03\/pexels-akilmazumder-1072824.jpg 640w, https:\/\/mutualizo.com\/wp-content\/uploads\/2026\/03\/pexels-akilmazumder-1072824-300x200.jpg 300w\" sizes=\"auto, (max-width: 640px) 100vw, 640px\" \/><\/figure>\n\n\n\n<h3 class=\"wp-block-heading has-ast-global-color-2-color has-text-color has-link-color wp-elements-561dcacd613348906a2e67db39d1a1f3\"><strong><strong><strong>Rastreabilidade Ambiental<\/strong><\/strong><\/strong><\/h3>\n\n\n\n<p>O <strong>d\u00e9ficit de evid\u00eancias<\/strong> t\u00e9cnicas sobre emiss\u00f5es evitadas limita a seguran\u00e7a na consolida\u00e7\u00e3o de indicadores. Sem precis\u00e3o pericial, a ind\u00fastria enfrenta barreiras ao acessar os <strong>R$ 19 bilh\u00f5es em incentivos<\/strong>, fragilizando a sustenta\u00e7\u00e3o das metas de descarboniza\u00e7\u00e3o perante o escrut\u00ednio regulador<\/p>\n<\/div>\n<\/div>\n<\/div><\/div>\n\n\n\n<div class=\"wp-block-uagb-container uagb-block-8c622930 alignfull uagb-is-root-container\"><div class=\"uagb-container-inner-blocks-wrap\">\n<div class=\"wp-block-columns is-layout-flex wp-container-core-columns-is-layout-28f84493 wp-block-columns-is-layout-flex\">\n<div class=\"wp-block-column is-vertically-aligned-center is-layout-flow wp-block-column-is-layout-flow\">\n<div class=\"wp-block-uagb-advanced-heading uagb-block-2dfdd971\"><h2 class=\"uagb-heading-text\"><strong>Infraestrutura para ciclo de vida automotivo<\/strong><\/h2><\/div>\n\n\n\n<p>A arquitetura projetada para estruturar dados e evid\u00eancias em conformidade com o rigor t\u00e9cnico exigido pelo Programa MOVER<\/p>\n\n\n\n<div class=\"wp-block-group is-nowrap is-layout-flex wp-container-core-group-is-layout-6c531013 wp-block-group-is-layout-flex\">\n<figure class=\"wp-block-image size-full\"><img loading=\"lazy\" decoding=\"async\" width=\"32\" height=\"33\" src=\"https:\/\/mutualizo.com\/wp-content\/uploads\/2026\/03\/icon_mutualizo.png\" alt=\"\" class=\"wp-image-203\"\/><\/figure>\n\n\n\n<p><strong>Unifica\u00e7\u00e3o de Evid\u00eancias<\/strong>. Consolida\u00e7\u00e3o dos fluxos de desmonte e reciclagem em um padr\u00e3o \u00fanico de prova, eliminando a fragmenta\u00e7\u00e3o e preparando o dossi\u00ea para auditorias regulat\u00f3rias<\/p>\n<\/div>\n\n\n\n<div class=\"wp-block-group is-nowrap is-layout-flex wp-container-core-group-is-layout-6c531013 wp-block-group-is-layout-flex\">\n<figure class=\"wp-block-image size-full\"><img loading=\"lazy\" decoding=\"async\" width=\"32\" height=\"33\" src=\"https:\/\/mutualizo.com\/wp-content\/uploads\/2026\/03\/icon_mutualizo.png\" alt=\"\" class=\"wp-image-203\"\/><\/figure>\n\n\n\n<p><strong>Prontid\u00e3o Regulat\u00f3ria<\/strong>. Estrutura\u00e7\u00e3o de dados operacionais via APIs desenhadas para atender aos requisitos de reporte e interc\u00e2mbio de informa\u00e7\u00f5es previstos no novo marco legal<\/p>\n<\/div>\n\n\n\n<div class=\"wp-block-group is-nowrap is-layout-flex wp-container-core-group-is-layout-6c531013 wp-block-group-is-layout-flex\">\n<figure class=\"wp-block-image size-full\"><img loading=\"lazy\" decoding=\"async\" width=\"32\" height=\"33\" src=\"https:\/\/mutualizo.com\/wp-content\/uploads\/2026\/03\/icon_mutualizo.png\" alt=\"\" class=\"wp-image-203\"\/><\/figure>\n\n\n\n<p><strong>Protocolo de Integridade<\/strong>. Uso de camadas de seguran\u00e7a e registros imut\u00e1veis (hashes) para assegurar a inviolabilidade dos dados, garantindo a rastreabilidade necess\u00e1ria para sustentar os cr\u00e9ditos fiscais<\/p>\n<\/div>\n<\/div>\n\n\n\n<div class=\"wp-block-column is-vertically-aligned-center is-layout-flow wp-block-column-is-layout-flow\">\n<figure class=\"wp-block-image size-full has-custom-border\"><img loading=\"lazy\" decoding=\"async\" width=\"1920\" height=\"1280\" src=\"https:\/\/mutualizo.com\/wp-content\/uploads\/2026\/03\/john-FlPc9_VocJ4-unsplash.jpg\" alt=\"\" class=\"wp-image-355\" style=\"border-top-left-radius:1rem;border-top-right-radius:1rem;border-bottom-left-radius:1rem;border-bottom-right-radius:1rem;aspect-ratio:2\/3;object-fit:cover\" srcset=\"https:\/\/mutualizo.com\/wp-content\/uploads\/2026\/03\/john-FlPc9_VocJ4-unsplash.jpg 1920w, https:\/\/mutualizo.com\/wp-content\/uploads\/2026\/03\/john-FlPc9_VocJ4-unsplash-300x200.jpg 300w, https:\/\/mutualizo.com\/wp-content\/uploads\/2026\/03\/john-FlPc9_VocJ4-unsplash-1024x683.jpg 1024w, https:\/\/mutualizo.com\/wp-content\/uploads\/2026\/03\/john-FlPc9_VocJ4-unsplash-768x512.jpg 768w, https:\/\/mutualizo.com\/wp-content\/uploads\/2026\/03\/john-FlPc9_VocJ4-unsplash-1536x1024.jpg 1536w\" sizes=\"auto, (max-width: 1920px) 100vw, 1920px\" \/><\/figure>\n<\/div>\n<\/div>\n<\/div><\/div>\n\n\n\n<div id=\"solucoes-proj.-mover\" class=\"wp-block-uagb-container uagb-block-7de1ed78 alignfull uagb-is-root-container\"><div class=\"uagb-container-inner-blocks-wrap\">\n<div class=\"wp-block-uagb-advanced-heading uagb-block-ffc36bf0\"><h2 class=\"uagb-heading-text\"><strong><strong><strong>Diretrizes de opera\u00e7\u00e3o e seguran\u00e7a t\u00e9cnica<\/strong><\/strong><\/strong><\/h2><\/div>\n\n\n\n<p class=\"has-text-align-center\">Estrutura de processos e dados desenhada para sustentar o cumprimento das obriga\u00e7\u00f5es estabelecidas pelo Marco Legal da Descarboniza\u00e7\u00e3o<\/p>\n\n\n\n<div class=\"wp-block-columns is-layout-flex wp-container-core-columns-is-layout-28f84493 wp-block-columns-is-layout-flex\">\n<div class=\"wp-block-column is-layout-flow wp-block-column-is-layout-flow\">\n<h3 class=\"wp-block-heading has-ast-global-color-7-color has-text-color has-link-color has-large-font-size wp-elements-d107abb19d157a4dea194b9fc24e4add\"><strong>01<\/strong><\/h3>\n\n\n\n<h4 class=\"wp-block-heading has-ast-global-color-2-color has-text-color has-link-color wp-elements-8d84766682250f56846d32c07900ec45\"><strong><strong><strong><strong>Valida\u00e7\u00e3o de metas<\/strong><\/strong><\/strong><\/strong><\/h4>\n\n\n\n<p>Estrutura\u00e7\u00e3o da conex\u00e3o direta entre o desmonte legal e as metas de reciclabilidade da montadora. O foco \u00e9 a elimina\u00e7\u00e3o da fric\u00e7\u00e3o documental, garantindo que o dado operativo se transforme em prova de cumprimento setorial<\/p>\n<\/div>\n\n\n\n<div class=\"wp-block-column is-layout-flow wp-block-column-is-layout-flow\">\n<h3 class=\"wp-block-heading has-ast-global-color-7-color has-text-color has-link-color has-large-font-size wp-elements-4122de74b1acb106cf171cc508d5ccfd\"><strong>02<\/strong><\/h3>\n\n\n\n<h4 class=\"wp-block-heading has-ast-global-color-2-color has-text-color has-link-color wp-elements-d0559f18175326639305323c44e85f60\"><strong><strong><strong>Rigor normativo estrutural<\/strong><\/strong><\/strong><\/h4>\n\n\n\n<p>Blindagem do benef\u00edcio fiscal atrav\u00e9s de um sistema desenhado para a gera\u00e7\u00e3o automatizada de dossi\u00eas. Organiza\u00e7\u00e3o das evid\u00eancias seguindo as diretrizes t\u00e9cnicas e requisitos de reporte do Programa Mover<\/p>\n<\/div>\n\n\n\n<div class=\"wp-block-column is-layout-flow wp-block-column-is-layout-flow\">\n<h3 class=\"wp-block-heading has-ast-global-color-7-color has-text-color has-link-color has-large-font-size wp-elements-ba826b9aee5cc8126d7272574da82307\"><strong>03<\/strong><\/h3>\n\n\n\n<h4 class=\"wp-block-heading has-ast-global-color-2-color has-text-color has-link-color wp-elements-fe6199ed36280528b5c4cd195affc7b2\"><strong><strong>Intelig\u00eancia audit\u00e1vel<\/strong><\/strong><\/h4>\n\n\n\n<p>Prepara\u00e7\u00e3o da infraestrutura para o escrut\u00ednio de auditorias ministeriais em tempo real. Garantia de fundamenta\u00e7\u00e3o t\u00e9cnica e mem\u00f3ria de c\u00e1lculo precisa para defesa perante os \u00f3rg\u00e3os reguladores<\/p>\n<\/div>\n\n\n\n<div class=\"wp-block-column is-layout-flow wp-block-column-is-layout-flow\">\n<h3 class=\"wp-block-heading has-ast-global-color-7-color has-text-color has-link-color has-large-font-size wp-elements-23044661e716e55c5d4b9cf1be0b4e5c\"><strong>04<\/strong><\/h3>\n\n\n\n<h4 class=\"wp-block-heading has-ast-global-color-2-color has-text-color has-link-color wp-elements-b9e7537653362257c82830da567d858f\"><strong><strong><strong>Governan\u00e7a do ecossistema<\/strong><\/strong><\/strong><\/h4>\n\n\n\n<p>Monitoramento de precis\u00e3o sobre a rede de fornecedores e recicladores. Transforma\u00e7\u00e3o de passivos ambientais em ativos de conformidade, eliminando silos de dados que exp\u00f5em a montadora a riscos regulat\u00f3rios<\/p>\n<\/div>\n<\/div>\n\n\n\n<div class=\"wp-block-buttons is-content-justification-center is-layout-flex wp-container-core-buttons-is-layout-a89b3969 wp-block-buttons-is-layout-flex\">\n<div class=\"wp-block-button\" id=\"form\"><a class=\"wp-block-button__link wp-element-button\" href=\"https:\/\/mutualizo.com\/index.php\/mz-certificadora\/\">Conhecer a Arquitetura da MZ Certificadora<\/a><\/div>\n<\/div>\n<\/div><\/div>\n\n\n\n<div class=\"wp-block-uagb-container uagb-block-ff20067a alignfull uagb-is-root-container\"><div class=\"uagb-container-inner-blocks-wrap\">\n<div class=\"wp-block-columns is-layout-flex wp-container-core-columns-is-layout-28f84493 wp-block-columns-is-layout-flex\">\n<div class=\"wp-block-column is-vertically-aligned-center is-layout-flow wp-block-column-is-layout-flow\" style=\"flex-basis:100%\">\n<div class=\"wp-block-uagb-advanced-heading uagb-block-16f3e248\"><h2 class=\"uagb-heading-text\">MZ Certificadora: <strong>O protocolo de integridade para o Programa Mover<\/strong><\/h2><\/div>\n\n\n\n<p>Uma plataforma desenhada sob o rigor da engenharia de dados e conformidade normativa. O sistema valida fluxos complexos, convertendo dados operacionais em evid\u00eancias inatac\u00e1veis para habilitar a <strong>prontid\u00e3o operacional<\/strong> exigida pelo Marco Legal<\/p>\n\n\n\n<div class=\"wp-block-buttons is-layout-flex wp-block-buttons-is-layout-flex\">\n<div class=\"wp-block-button\"><a class=\"wp-block-button__link wp-element-button\" href=\"https:\/\/mutualizo.com\/index.php\/mz-certificadora\/\"><strong>C<\/strong>onhecer solu\u00e7\u00e3o<\/a><\/div>\n<\/div>\n<\/div>\n\n\n\n<div class=\"wp-block-column is-vertically-aligned-center is-layout-flow wp-block-column-is-layout-flow\" style=\"flex-basis:100%\">\n<figure class=\"wp-block-image size-full\"><img loading=\"lazy\" decoding=\"async\" width=\"2560\" height=\"1215\" src=\"https:\/\/mutualizo.com\/wp-content\/uploads\/2026\/03\/Design-sem-nome-5-scaled.png\" alt=\"\" class=\"wp-image-575\" style=\"box-shadow:none;aspect-ratio:4\/3;object-fit:cover\" srcset=\"https:\/\/mutualizo.com\/wp-content\/uploads\/2026\/03\/Design-sem-nome-5-scaled.png 2560w, https:\/\/mutualizo.com\/wp-content\/uploads\/2026\/03\/Design-sem-nome-5-300x142.png 300w, https:\/\/mutualizo.com\/wp-content\/uploads\/2026\/03\/Design-sem-nome-5-1024x486.png 1024w, https:\/\/mutualizo.com\/wp-content\/uploads\/2026\/03\/Design-sem-nome-5-768x365.png 768w, https:\/\/mutualizo.com\/wp-content\/uploads\/2026\/03\/Design-sem-nome-5-1536x729.png 1536w, https:\/\/mutualizo.com\/wp-content\/uploads\/2026\/03\/Design-sem-nome-5-2048x972.png 2048w\" sizes=\"auto, (max-width: 2560px) 100vw, 2560px\" \/><\/figure>\n<\/div>\n<\/div>\n<\/div><\/div>\n\n\n\n<div id=\"form\" class=\"wp-block-uagb-container uagb-block-c535e16c alignfull uagb-is-root-container\"><div class=\"uagb-container-inner-blocks-wrap\">\n<div class=\"wp-block-columns is-layout-flex wp-container-core-columns-is-layout-28f84493 wp-block-columns-is-layout-flex\">\n<div class=\"wp-block-column is-layout-flow wp-block-column-is-layout-flow\">\n<div class=\"wp-block-uagb-advanced-heading uagb-block-d46bffd0\"><h2 class=\"uagb-heading-text\"><strong><strong>Diagn\u00f3stico de prontid\u00e3o e conformidade<\/strong><\/strong><\/h2><\/div>\n\n\n\n<p class=\"has-text-align-left\">N\u00e3o permita que lacunas de rastreabilidade exponham sua opera\u00e7\u00e3o a riscos regulat\u00f3rios. Inicie o alinhamento t\u00e9cnico dos seus fluxos de dados e garanta a seguran\u00e7a necess\u00e1ria para a sustenta\u00e7\u00e3o dos seus ativos fiscais perante o Marco Legal. Entre em contato com nossa equipe atrav\u00e9s dos canais ou preencha o formul\u00e1rio e envie sua mensagem<\/p>\n<\/div>\n\n\n\n<div class=\"wp-block-column is-layout-flow wp-block-column-is-layout-flow\">\n<div class=\"wp-block-contact-form-7-contact-form-selector\">\n<div class=\"wpcf7 no-js\" id=\"wpcf7-f100-o1\" lang=\"pt-BR\" dir=\"ltr\" data-wpcf7-id=\"100\">\n<div class=\"screen-reader-response\"><p role=\"status\" aria-live=\"polite\" aria-atomic=\"true\"><\/p> <ul><\/ul><\/div>\n<form action=\"\/index.php\/wp-json\/wp\/v2\/pages\/162#wpcf7-f100-o1\" method=\"post\" class=\"wpcf7-form init\" aria-label=\"Formul\u00e1rios de contato\" novalidate=\"novalidate\" data-status=\"init\">\n<fieldset class=\"hidden-fields-container\"><input type=\"hidden\" name=\"_wpcf7\" value=\"100\" \/><input type=\"hidden\" name=\"_wpcf7_version\" value=\"6.1.5\" \/><input type=\"hidden\" name=\"_wpcf7_locale\" value=\"pt_BR\" \/><input type=\"hidden\" name=\"_wpcf7_unit_tag\" value=\"wpcf7-f100-o1\" \/><input type=\"hidden\" name=\"_wpcf7_container_post\" value=\"0\" \/><input type=\"hidden\" name=\"_wpcf7_posted_data_hash\" value=\"\" \/>\n<\/fieldset>\n<p><label> Nome completo<br \/>\n<span class=\"wpcf7-form-control-wrap\" data-name=\"your-name\"><input size=\"40\" maxlength=\"400\" class=\"wpcf7-form-control wpcf7-text wpcf7-validates-as-required\" autocomplete=\"name\" aria-required=\"true\" aria-invalid=\"false\" value=\"\" type=\"text\" name=\"your-name\" \/><\/span> <\/label>\n<\/p>\n<p><label> Empresa<br \/>\n<span class=\"wpcf7-form-control-wrap\" data-name=\"text-empresa\"><input size=\"40\" maxlength=\"400\" minlength=\"4\" class=\"wpcf7-form-control wpcf7-text wpcf7-validates-as-required\" aria-required=\"true\" aria-invalid=\"false\" value=\"\" type=\"text\" name=\"text-empresa\" \/><\/span> <\/label>\n<\/p>\n<p><label> Seu e-mail<br \/>\n<span class=\"wpcf7-form-control-wrap\" data-name=\"your-email\"><input size=\"40\" maxlength=\"400\" class=\"wpcf7-form-control wpcf7-email wpcf7-validates-as-required wpcf7-text wpcf7-validates-as-email\" autocomplete=\"email\" aria-required=\"true\" aria-invalid=\"false\" value=\"\" type=\"email\" name=\"your-email\" \/><\/span> <\/label>\n<\/p>\n<p><label> WhatsApp<br \/>\n<span class=\"wpcf7-form-control-wrap\" data-name=\"tel-whatsapp\"><input size=\"40\" maxlength=\"400\" minlength=\"8\" class=\"wpcf7-form-control wpcf7-tel wpcf7-validates-as-required wpcf7-text wpcf7-validates-as-tel\" aria-required=\"true\" aria-invalid=\"false\" value=\"\" type=\"tel\" name=\"tel-whatsapp\" \/><\/span> <\/label>\n<\/p>\n<p><label> Produto de interesse<br \/>\n<span class=\"wpcf7-form-control-wrap\" data-name=\"select-produto-interesse\"><select class=\"wpcf7-form-control wpcf7-select wpcf7-validates-as-required\" aria-required=\"true\" aria-invalid=\"false\" name=\"select-produto-interesse\"><option value=\"\">&#8212;Escolha uma op\u00e7\u00e3o&#8212;<\/option><option value=\"MZ Seguros\">MZ Seguros<\/option><option value=\"MZ Certificadora\">MZ Certificadora<\/option><\/select><\/span> <\/label>\n<\/p>\n<p><label> Setor de atua\u00e7\u00e3o<br \/>\n<span class=\"wpcf7-form-control-wrap\" data-name=\"select-setor-atuacao\"><select class=\"wpcf7-form-control wpcf7-select wpcf7-validates-as-required\" aria-required=\"true\" aria-invalid=\"false\" name=\"select-setor-atuacao\"><option value=\"\">&#8212;Escolha uma op\u00e7\u00e3o&#8212;<\/option><option value=\"Seguradora\">Seguradora<\/option><option value=\"Cooperativa\">Cooperativa<\/option><option value=\"Desmontadora\">Desmontadora<\/option><option value=\"Montadora\">Montadora<\/option><option value=\"PPM\">PPM<\/option><option value=\"Recicladora\">Recicladora<\/option><option value=\"Outros\">Outros<\/option><\/select><\/span> <\/label>\n<\/p>\n<p>Ao preencher o formul\u00e1rio, concordo em receber comunica\u00e7\u00f5es da Mutualizo.\n<\/p>\n<p><input class=\"wpcf7-form-control wpcf7-submit has-spinner\" type=\"submit\" value=\"Enviar\" \/>\n<\/p><div class=\"wpcf7-response-output\" aria-hidden=\"true\"><\/div>\n<\/form>\n<\/div>\n<\/div>\n<\/div>\n<\/div>\n<\/div><\/div>\n","protected":false},"excerpt":{"rendered":"<p>O padr\u00e3o de cust\u00f3dia para a economia circular automotiva Garanta a captura dos incentivos do Programa Mover atrav\u00e9s de uma [&hellip;]<\/p>\n","protected":false},"author":1,"featured_media":0,"parent":0,"menu_order":0,"comment_status":"closed","ping_status":"closed","template":"","meta":{"_coblocks_attr":"","_coblocks_dimensions":"","_coblocks_responsive_height":"","_coblocks_accordion_ie_support":"","_uag_custom_page_level_css":"","site-sidebar-layout":"default","site-content-layout":"","ast-site-content-layout":"default","site-content-style":"default","site-sidebar-style":"default","ast-global-header-display":"","ast-banner-title-visibility":"","ast-main-header-display":"","ast-hfb-above-header-display":"","ast-hfb-below-header-display":"","ast-hfb-mobile-header-display":"","site-post-title":"disabled","ast-breadcrumbs-content":"","ast-featured-img":"","footer-sml-layout":"","ast-disable-related-posts":"","theme-transparent-header-meta":"","adv-header-id-meta":"","stick-header-meta":"","header-above-stick-meta":"","header-main-stick-meta":"","header-below-stick-meta":"","astra-migrate-meta-layouts":"default","ast-page-background-enabled":"default","ast-page-background-meta":{"desktop":{"background-color":"var(--ast-global-color-5)","background-image":"","background-repeat":"repeat","background-position":"center center","background-size":"auto","background-attachment":"scroll","background-type":"","background-media":"","overlay-type":"","overlay-color":"","overlay-opacity":"","overlay-gradient":""},"tablet":{"background-color":"","background-image":"","background-repeat":"repeat","background-position":"center center","background-size":"auto","background-attachment":"scroll","background-type":"","background-media":"","overlay-type":"","overlay-color":"","overlay-opacity":"","overlay-gradient":""},"mobile":{"background-color":"","background-image":"","background-repeat":"repeat","background-position":"center center","background-size":"auto","background-attachment":"scroll","background-type":"","background-media":"","overlay-type":"","overlay-color":"","overlay-opacity":"","overlay-gradient":""}},"ast-content-background-meta":{"desktop":{"background-color":"var(--ast-global-color-4)","background-image":"","background-repeat":"repeat","background-position":"center center","background-size":"auto","background-attachment":"scroll","background-type":"","background-media":"","overlay-type":"","overlay-color":"","overlay-opacity":"","overlay-gradient":""},"tablet":{"background-color":"var(--ast-global-color-4)","background-image":"","background-repeat":"repeat","background-position":"center center","background-size":"auto","background-attachment":"scroll","background-type":"","background-media":"","overlay-type":"","overlay-color":"","overlay-opacity":"","overlay-gradient":""},"mobile":{"background-color":"var(--ast-global-color-4)","background-image":"","background-repeat":"repeat","background-position":"center center","background-size":"auto","background-attachment":"scroll","background-type":"","background-media":"","overlay-type":"","overlay-color":"","overlay-opacity":"","overlay-gradient":""}},"footnotes":""},"class_list":["post-162","page","type-page","status-publish","hentry"],"uagb_featured_image_src":{"full":false,"thumbnail":false,"medium":false,"medium_large":false,"large":false,"1536x1536":false,"2048x2048":false},"uagb_author_info":{"display_name":"demonstration","author_link":"https:\/\/mutualizo.com\/author\/demonstration\/"},"uagb_comment_info":0,"uagb_excerpt":"O padr\u00e3o de cust\u00f3dia para a economia circular automotiva Garanta a captura dos incentivos do Programa Mover atrav\u00e9s de uma [&hellip;]","_links":{"self":[{"href":"https:\/\/mutualizo.com\/index.php\/wp-json\/wp\/v2\/pages\/162","targetHints":{"allow":["GET"]}}],"collection":[{"href":"https:\/\/mutualizo.com\/index.php\/wp-json\/wp\/v2\/pages"}],"about":[{"href":"https:\/\/mutualizo.com\/index.php\/wp-json\/wp\/v2\/types\/page"}],"author":[{"embeddable":true,"href":"https:\/\/mutualizo.com\/index.php\/wp-json\/wp\/v2\/users\/1"}],"replies":[{"embeddable":true,"href":"https:\/\/mutualizo.com\/index.php\/wp-json\/wp\/v2\/comments?post=162"}],"version-history":[{"count":36,"href":"https:\/\/mutualizo.com\/index.php\/wp-json\/wp\/v2\/pages\/162\/revisions"}],"predecessor-version":[{"id":846,"href":"https:\/\/mutualizo.com\/index.php\/wp-json\/wp\/v2\/pages\/162\/revisions\/846"}],"wp:attachment":[{"href":"https:\/\/mutualizo.com\/index.php\/wp-json\/wp\/v2\/media?parent=162"}],"curies":[{"name":"wp","href":"https:\/\/api.w.org\/{rel}","templated":true}]}}